{"id":71,"date":"2014-02-17T12:11:38","date_gmt":"2014-02-17T15:11:38","guid":{"rendered":"http:\/\/www.uocra.org\/uocraresponde\/?page_id=71"},"modified":"2024-09-30T14:27:54","modified_gmt":"2024-09-30T17:27:54","slug":"deja-tu-denuncia","status":"publish","type":"page","link":"https:\/\/www.uocra.org\/uocraresponde\/deja-tu-denuncia\/","title":{"rendered":"Dej\u00e1 tu denuncia"},"content":{"rendered":"<p>La <strong>UOCRA<\/strong>, a trav\u00e9s de su <strong>departamento de SST<\/strong> y del trabajo militante de sus cuerpos org\u00e1nicos, viene desarrollando <strong>tareas de prevenci\u00f3n en las obras de construcci\u00f3n<\/strong>. Como toda tarea de campo que se basa en visitas a los lugares de trabajo, es clave la identificaci\u00f3n de esta tarea con el compromiso, desde ya, de los trabajadores constructores que en esta secci\u00f3n encuentran un canal donde vehiculizar las situaciones que a su criterio, <strong>requieren de la intervenci\u00f3n de su organizaci\u00f3n sindical a fin de ser subsanadas<\/strong>, como primera instancia.<br \/>Es indudable el aporte que representa el <strong>compromiso de toda la sociedad<\/strong>, mas all\u00e1 de los trabajadores de nuestra actividad, y la <strong>valoraci\u00f3n de un derecho humano<\/strong>: el derecho a la preservaci\u00f3n de la vida y condiciones de trabajo dignas.<br \/>Las caracter\u00edsticas de nuestra industria hace de todos los ciudadanos \u00fatiles observadores de posibles practicas laborales que pongan en riesgo la vida de nuestros compa\u00f1eros. Este es un <strong>espacio destinado a establecer un canal de consultas y\/o denuncias<\/strong> que nos ayudaran a estar mas presentes y colaborar con nuestra tarea diaria: la prevenci\u00f3n de riesgos de trabajo para nuestra actividad y el <strong>cumplimiento de la legislaci\u00f3n<\/strong> en materia de riesgos de trabajo.<br \/>Sus consultas, inquietudes y denuncias en materia de practicas del arte de construir que pongan en riesgo la <strong>salud y la seguridad<\/strong> de los trabajadores resulta de gran utilidad.<\/p>\n<h2>Recuerde que la responsabilidad en el control y sanci\u00f3n por el incumplimiento de las normas laborales y convencionales es facultad exclusiva de la autoridad local del trabajo de la respectiva jurisdicci\u00f3n.<\/h2>\n<p><strong>Escribir a: <a href=\"mailto:sst-comunicacion@uocra.org\">sst-comunicacion@uocra.org<\/a><\/strong><\/p>\n\n\n<p><\/p>\n","protected":false},"excerpt":{"rendered":"<p>La UOCRA, a trav\u00e9s de su departamento de SST y del trabajo militante de sus cuerpos org\u00e1nicos, viene desarrollando tareas de prevenci\u00f3n en las obras de construcci\u00f3n. Como toda tarea de campo que se basa en visitas a los lugares &hellip; <a href=\"https:\/\/www.uocra.org\/uocraresponde\/deja-tu-denuncia\/\">Sigue leyendo <span class=\"meta-nav\">&rarr;<\/span><\/a><\/p>\n","protected":false},"author":1,"featured_media":0,"parent":0,"menu_order":0,"comment_status":"closed","ping_status":"closed","template":"","meta":{"footnotes":""},"class_list":["post-71","page","type-page","status-publish","hentry"],"_links":{"self":[{"href":"https:\/\/www.uocra.org\/uocraresponde\/wp-json\/wp\/v2\/pages\/71","targetHints":{"allow":["GET"]}}],"collection":[{"href":"https:\/\/www.uocra.org\/uocraresponde\/wp-json\/wp\/v2\/pages"}],"about":[{"href":"https:\/\/www.uocra.org\/uocraresponde\/wp-json\/wp\/v2\/types\/page"}],"author":[{"embeddable":true,"href":"https:\/\/www.uocra.org\/uocraresponde\/wp-json\/wp\/v2\/users\/1"}],"replies":[{"embeddable":true,"href":"https:\/\/www.uocra.org\/uocraresponde\/wp-json\/wp\/v2\/comments?post=71"}],"version-history":[{"count":24,"href":"https:\/\/www.uocra.org\/uocraresponde\/wp-json\/wp\/v2\/pages\/71\/revisions"}],"predecessor-version":[{"id":122,"href":"https:\/\/www.uocra.org\/uocraresponde\/wp-json\/wp\/v2\/pages\/71\/revisions\/122"}],"wp:attachment":[{"href":"https:\/\/www.uocra.org\/uocraresponde\/wp-json\/wp\/v2\/media?parent=71"}],"curies":[{"name":"wp","href":"https:\/\/api.w.org\/{rel}","templated":true}]}}